{"id":854,"date":"2022-01-20T19:02:42","date_gmt":"2022-01-20T19:02:42","guid":{"rendered":"https:\/\/equilibris-vitae.be\/?page_id=854"},"modified":"2022-02-09T08:56:38","modified_gmt":"2022-02-09T08:56:38","slug":"gaetano-vita","status":"publish","type":"page","link":"https:\/\/equilibris-vitae.be\/?page_id=854","title":{"rendered":"Gaetano Vita"},"content":{"rendered":"\n<div class=\"wp-block-columns is-layout-flex wp-container-core-columns-is-layout-9d6595d7 wp-block-columns-is-layout-flex\">\n<div class=\"wp-block-column is-layout-flow wp-block-column-is-layout-flow\" style=\"flex-basis:100%\">\n<div class=\"wp-block-cover alignfull\"><span aria-hidden=\"true\" class=\"has-background-dim-0 wp-block-cover__gradient-background has-background-dim\"><\/span><img loading=\"lazy\" decoding=\"async\" width=\"931\" height=\"378\" class=\"wp-block-cover__image-background wp-image-722\" alt=\"Gaetano Vita equilibris vitae\" src=\"https:\/\/equilibris-vitae.be\/wp-content\/uploads\/2021\/10\/bandeau2-fauteuils.jpg\" style=\"object-position:48% 24%\" data-object-fit=\"cover\" data-object-position=\"48% 24%\" srcset=\"https:\/\/equilibris-vitae.be\/wp-content\/uploads\/2021\/10\/bandeau2-fauteuils.jpg 931w, https:\/\/equilibris-vitae.be\/wp-content\/uploads\/2021\/10\/bandeau2-fauteuils-300x122.jpg 300w, https:\/\/equilibris-vitae.be\/wp-content\/uploads\/2021\/10\/bandeau2-fauteuils-768x312.jpg 768w\" sizes=\"auto, (max-width: 931px) 100vw, 931px\" \/><div class=\"wp-block-cover__inner-container is-layout-flow wp-block-cover-is-layout-flow\">\n<p><\/p>\n\n\n\n<p><\/p>\n\n\n\n<p class=\"has-huge-font-size\"><\/p>\n<\/div><\/div>\n<\/div>\n<\/div>\n\n\n\n<h2 class=\"has-text-align-center wp-block-heading\" id=\"gaetano-vita\"><mark style=\"background-color:rgba(0, 0, 0, 0);color:#c4770f\" class=\"has-inline-color\">Gaetano Vita<\/mark><\/h2>\n\n\n\n<h2 class=\"has-text-align-center has-regular-font-size wp-block-heading\" id=\"coaching-runners\"><mark style=\"background-color:rgba(0, 0, 0, 0);color:#009cb4\" class=\"has-inline-color\">Coaching runners<\/mark><br><\/h2>\n\n\n\n<div class=\"wp-block-columns is-layout-flex wp-container-core-columns-is-layout-9d6595d7 wp-block-columns-is-layout-flex\">\n<div class=\"wp-block-column is-layout-flow wp-block-column-is-layout-flow\">\n<div class=\"wp-block-image\"><figure class=\"aligncenter size-full is-resized\"><a href=\"https:\/\/www.facebook.com\/CentreEquilibrisVITAE\" target=\"_blank\" rel=\"noopener\"><img loading=\"lazy\" decoding=\"async\" src=\"https:\/\/equilibris-vitae.be\/wp-content\/uploads\/2021\/10\/fb-1.png\" alt=\"\" class=\"wp-image-589\" width=\"50\" height=\"50\" srcset=\"https:\/\/equilibris-vitae.be\/wp-content\/uploads\/2021\/10\/fb-1.png 200w, https:\/\/equilibris-vitae.be\/wp-content\/uploads\/2021\/10\/fb-1-150x150.png 150w\" sizes=\"auto, (max-width: 50px) 100vw, 50px\" \/><\/a><\/figure><\/div>\n\n\n\n<p class=\"has-text-align-center\"><a href=\"https:\/\/www.facebook.com\/CentreEquilibrisVITAE\" target=\"_blank\" rel=\"noreferrer noopener\">Retrouvez moi sur Facebook<\/a><\/p>\n<\/div>\n\n\n\n<div class=\"wp-block-column is-layout-flow wp-block-column-is-layout-flow\">\n<center><a href=\"tel:+32474951246\" <=\"\" a=\"\"><i class=\"fa fa-phone-alt fa-2x \" ><\/i><\/a><\/center>\n\n\n\n<br> <center><a href=\"tel:+32474951246\"> ou contactez moi via le +32474951246<\/a><\/center>\n<\/div>\n<\/div>\n\n\n\n<div style=\"height:19px\" aria-hidden=\"true\" class=\"wp-block-spacer\"><\/div>\n\n\n\n<center><a href=\"https:\/\/equilibris-vitae.be\/?page_id=2\" <=\"\" a=\"\"><input type=\"button\" value=\"JE PRENDS RENDEZ-VOUS\"><\/a><\/center>\n\n\n\n<hr class=\"wp-block-separator has-text-color has-background is-style-wide\" style=\"background-color:#009cb4;color:#009cb4\"\/>\n\n\n\n<div class=\"wp-block-columns is-layout-flex wp-container-core-columns-is-layout-9d6595d7 wp-block-columns-is-layout-flex\">\n<div class=\"wp-block-column is-layout-flow wp-block-column-is-layout-flow\" style=\"padding-top:0px;padding-right:0px;padding-bottom:0px;padding-left:0px;flex-basis:100%\">\n<div class=\"wp-block-group\"><div class=\"wp-block-group__inner-container is-layout-flow wp-block-group-is-layout-flow\">\n<p class=\"has-text-color\" style=\"color:#005063\"><strong><strong><em>Am\u00e9liore tes performances de course \u00e0 pieds afin d\u2019atteindre ton objectif<\/em><\/strong><\/strong><\/p>\n\n\n\n<p><\/p>\n\n\n\n<p class=\"has-text-color\" style=\"color:#005063\">Je suis avant tout un r\u00e9el passionn\u00e9 de sport.<\/p>\n\n\n\n<p class=\"has-text-color\" style=\"color:#005063\">Je t\u2019aide \u00e0 pr\u00e9parer tes projets de course en mettant l\u2019accent sur la pr\u00e9vention des blessures (chaussures, r\u00e9cup\u00e9ration, renforcement musculaire)<\/p>\n\n\n\n<p class=\"has-text-color\" style=\"color:#005063\">A travers mon coaching, je te transmet mon exp\u00e9rience sur le &nbsp;semi-marathon en particulier, et partagerai mes connaissances \u00e0 d\u2019autres passionn\u00e9s.<\/p>\n\n\n\n<p class=\"has-text-color\" style=\"color:#005063\">Concr\u00e8tement&nbsp;:<\/p>\n\n\n\n<p class=\"has-text-color\" style=\"color:#005063\">1)&nbsp;&nbsp;&nbsp;&nbsp;&nbsp;&nbsp;D\u00e9finition de ton objectif<\/p>\n\n\n\n<p class=\"has-text-color\" style=\"color:#005063\">2)&nbsp;&nbsp;&nbsp;&nbsp;&nbsp;&nbsp;Un accompagnement personnalis\u00e9 sur piste d\u2019athl\u00e9tisme et sur route<\/p>\n\n\n\n<p class=\"has-text-color\" style=\"color:#005063\">3)&nbsp;&nbsp;&nbsp;&nbsp;&nbsp;&nbsp;Un suivi et ajustement de ton programme<\/p>\n\n\n\n<p><\/p>\n\n\n\n<p><\/p>\n\n\n\n<p><\/p>\n<\/div><\/div>\n<\/div>\n<\/div>\n","protected":false},"excerpt":{"rendered":"<p>Gaetano Vita Coaching runners Retrouvez moi sur Facebook<\/p>\n","protected":false},"author":1,"featured_media":0,"parent":0,"menu_order":0,"comment_status":"closed","ping_status":"closed","template":"","meta":{"footnotes":""},"class_list":["post-854","page","type-page","status-publish","hentry"],"yoast_head":"<!-- This site is optimized with the Yoast SEO plugin v20.10 - https:\/\/yoast.com\/wordpress\/plugins\/seo\/ -->\n<title>Gaetano Vita - Equilibris-Vitae<\/title>\n<meta name=\"description\" content=\"Bien \u00eatre , alimentation, nutrition, \u00e9quilibrage alimentaire, accompagnement, s\u00e9r\u00e9nit\u00e9, sportif, activit\u00e9s physiques, reprise en main\" \/>\n<meta name=\"robots\" content=\"index, follow, max-snippet:-1, max-image-preview:large, max-video-preview:-1\" \/>\n<link rel=\"canonical\" href=\"https:\/\/equilibris-vitae.be\/?page_id=854\" \/>\n<meta property=\"og:locale\" content=\"fr_FR\" \/>\n<meta property=\"og:type\" content=\"article\" \/>\n<meta property=\"og:title\" content=\"Gaetano Vita - Equilibris-Vitae\" \/>\n<meta property=\"og:description\" content=\"Bien \u00eatre , alimentation, nutrition, \u00e9quilibrage alimentaire, accompagnement, s\u00e9r\u00e9nit\u00e9, sportif, activit\u00e9s physiques, reprise en main\" \/>\n<meta property=\"og:url\" content=\"https:\/\/equilibris-vitae.be\/?page_id=854\" \/>\n<meta property=\"og:site_name\" content=\"Equilibris-Vitae\" \/>\n<meta property=\"article:modified_time\" content=\"2022-02-09T08:56:38+00:00\" \/>\n<meta property=\"og:image\" content=\"https:\/\/equilibris-vitae.be\/wp-content\/uploads\/2021\/10\/bandeau2-fauteuils.jpg\" \/>\n<meta name=\"twitter:card\" content=\"summary_large_image\" \/>\n<meta name=\"twitter:label1\" content=\"Dur\u00e9e de lecture estim\u00e9e\" \/>\n\t<meta name=\"twitter:data1\" content=\"1 minute\" \/>\n<script type=\"application\/ld+json\" class=\"yoast-schema-graph\">{\"@context\":\"https:\/\/schema.org\",\"@graph\":[{\"@type\":\"WebPage\",\"@id\":\"https:\/\/equilibris-vitae.be\/?page_id=854\",\"url\":\"https:\/\/equilibris-vitae.be\/?page_id=854\",\"name\":\"Gaetano Vita - Equilibris-Vitae\",\"isPartOf\":{\"@id\":\"https:\/\/equilibris-vitae.be\/#website\"},\"datePublished\":\"2022-01-20T19:02:42+00:00\",\"dateModified\":\"2022-02-09T08:56:38+00:00\",\"description\":\"Bien \u00eatre , alimentation, nutrition, \u00e9quilibrage alimentaire, accompagnement, s\u00e9r\u00e9nit\u00e9, sportif, activit\u00e9s physiques, reprise en main\",\"breadcrumb\":{\"@id\":\"https:\/\/equilibris-vitae.be\/?page_id=854#breadcrumb\"},\"inLanguage\":\"fr-FR\",\"potentialAction\":[{\"@type\":\"ReadAction\",\"target\":[\"https:\/\/equilibris-vitae.be\/?page_id=854\"]}]},{\"@type\":\"BreadcrumbList\",\"@id\":\"https:\/\/equilibris-vitae.be\/?page_id=854#breadcrumb\",\"itemListElement\":[{\"@type\":\"ListItem\",\"position\":1,\"name\":\"Accueil\",\"item\":\"https:\/\/equilibris-vitae.be\/\"},{\"@type\":\"ListItem\",\"position\":2,\"name\":\"Gaetano Vita\"}]},{\"@type\":\"WebSite\",\"@id\":\"https:\/\/equilibris-vitae.be\/#website\",\"url\":\"https:\/\/equilibris-vitae.be\/\",\"name\":\"Equilibris-Vitae\",\"description\":\"\",\"publisher\":{\"@id\":\"https:\/\/equilibris-vitae.be\/#organization\"},\"potentialAction\":[{\"@type\":\"SearchAction\",\"target\":{\"@type\":\"EntryPoint\",\"urlTemplate\":\"https:\/\/equilibris-vitae.be\/?s={search_term_string}\"},\"query-input\":\"required name=search_term_string\"}],\"inLanguage\":\"fr-FR\"},{\"@type\":\"Organization\",\"@id\":\"https:\/\/equilibris-vitae.be\/#organization\",\"name\":\"Equilibris-Vitae\",\"url\":\"https:\/\/equilibris-vitae.be\/\",\"logo\":{\"@type\":\"ImageObject\",\"inLanguage\":\"fr-FR\",\"@id\":\"https:\/\/equilibris-vitae.be\/#\/schema\/logo\/image\/\",\"url\":\"https:\/\/equilibris-vitae.be\/wp-content\/uploads\/2021\/09\/cropped-logo-ptt-1.png\",\"contentUrl\":\"https:\/\/equilibris-vitae.be\/wp-content\/uploads\/2021\/09\/cropped-logo-ptt-1.png\",\"width\":200,\"height\":200,\"caption\":\"Equilibris-Vitae\"},\"image\":{\"@id\":\"https:\/\/equilibris-vitae.be\/#\/schema\/logo\/image\/\"}}]}<\/script>\n<!-- \/ Yoast SEO plugin. -->","yoast_head_json":{"title":"Gaetano Vita - Equilibris-Vitae","description":"Bien \u00eatre , alimentation, nutrition, \u00e9quilibrage alimentaire, accompagnement, s\u00e9r\u00e9nit\u00e9, sportif, activit\u00e9s physiques, reprise en main","robots":{"index":"index","follow":"follow","max-snippet":"max-snippet:-1","max-image-preview":"max-image-preview:large","max-video-preview":"max-video-preview:-1"},"canonical":"https:\/\/equilibris-vitae.be\/?page_id=854","og_locale":"fr_FR","og_type":"article","og_title":"Gaetano Vita - Equilibris-Vitae","og_description":"Bien \u00eatre , alimentation, nutrition, \u00e9quilibrage alimentaire, accompagnement, s\u00e9r\u00e9nit\u00e9, sportif, activit\u00e9s physiques, reprise en main","og_url":"https:\/\/equilibris-vitae.be\/?page_id=854","og_site_name":"Equilibris-Vitae","article_modified_time":"2022-02-09T08:56:38+00:00","og_image":[{"url":"https:\/\/equilibris-vitae.be\/wp-content\/uploads\/2021\/10\/bandeau2-fauteuils.jpg"}],"twitter_card":"summary_large_image","twitter_misc":{"Dur\u00e9e de lecture estim\u00e9e":"1 minute"},"schema":{"@context":"https:\/\/schema.org","@graph":[{"@type":"WebPage","@id":"https:\/\/equilibris-vitae.be\/?page_id=854","url":"https:\/\/equilibris-vitae.be\/?page_id=854","name":"Gaetano Vita - Equilibris-Vitae","isPartOf":{"@id":"https:\/\/equilibris-vitae.be\/#website"},"datePublished":"2022-01-20T19:02:42+00:00","dateModified":"2022-02-09T08:56:38+00:00","description":"Bien \u00eatre , alimentation, nutrition, \u00e9quilibrage alimentaire, accompagnement, s\u00e9r\u00e9nit\u00e9, sportif, activit\u00e9s physiques, reprise en main","breadcrumb":{"@id":"https:\/\/equilibris-vitae.be\/?page_id=854#breadcrumb"},"inLanguage":"fr-FR","potentialAction":[{"@type":"ReadAction","target":["https:\/\/equilibris-vitae.be\/?page_id=854"]}]},{"@type":"BreadcrumbList","@id":"https:\/\/equilibris-vitae.be\/?page_id=854#breadcrumb","itemListElement":[{"@type":"ListItem","position":1,"name":"Accueil","item":"https:\/\/equilibris-vitae.be\/"},{"@type":"ListItem","position":2,"name":"Gaetano Vita"}]},{"@type":"WebSite","@id":"https:\/\/equilibris-vitae.be\/#website","url":"https:\/\/equilibris-vitae.be\/","name":"Equilibris-Vitae","description":"","publisher":{"@id":"https:\/\/equilibris-vitae.be\/#organization"},"potentialAction":[{"@type":"SearchAction","target":{"@type":"EntryPoint","urlTemplate":"https:\/\/equilibris-vitae.be\/?s={search_term_string}"},"query-input":"required name=search_term_string"}],"inLanguage":"fr-FR"},{"@type":"Organization","@id":"https:\/\/equilibris-vitae.be\/#organization","name":"Equilibris-Vitae","url":"https:\/\/equilibris-vitae.be\/","logo":{"@type":"ImageObject","inLanguage":"fr-FR","@id":"https:\/\/equilibris-vitae.be\/#\/schema\/logo\/image\/","url":"https:\/\/equilibris-vitae.be\/wp-content\/uploads\/2021\/09\/cropped-logo-ptt-1.png","contentUrl":"https:\/\/equilibris-vitae.be\/wp-content\/uploads\/2021\/09\/cropped-logo-ptt-1.png","width":200,"height":200,"caption":"Equilibris-Vitae"},"image":{"@id":"https:\/\/equilibris-vitae.be\/#\/schema\/logo\/image\/"}}]}},"_links":{"self":[{"href":"https:\/\/equilibris-vitae.be\/index.php?rest_route=\/wp\/v2\/pages\/854","targetHints":{"allow":["GET"]}}],"collection":[{"href":"https:\/\/equilibris-vitae.be\/index.php?rest_route=\/wp\/v2\/pages"}],"about":[{"href":"https:\/\/equilibris-vitae.be\/index.php?rest_route=\/wp\/v2\/types\/page"}],"author":[{"embeddable":true,"href":"https:\/\/equilibris-vitae.be\/index.php?rest_route=\/wp\/v2\/users\/1"}],"replies":[{"embeddable":true,"href":"https:\/\/equilibris-vitae.be\/index.php?rest_route=%2Fwp%2Fv2%2Fcomments&post=854"}],"version-history":[{"count":6,"href":"https:\/\/equilibris-vitae.be\/index.php?rest_route=\/wp\/v2\/pages\/854\/revisions"}],"predecessor-version":[{"id":1068,"href":"https:\/\/equilibris-vitae.be\/index.php?rest_route=\/wp\/v2\/pages\/854\/revisions\/1068"}],"wp:attachment":[{"href":"https:\/\/equilibris-vitae.be\/index.php?rest_route=%2Fwp%2Fv2%2Fmedia&parent=854"}],"curies":[{"name":"wp","href":"https:\/\/api.w.org\/{rel}","templated":true}]}}